{"id":507,"date":"2024-07-01T15:14:03","date_gmt":"2024-07-01T15:14:03","guid":{"rendered":"https:\/\/ladyhawkanimalfoundation.org\/petitions-copy"},"modified":"2024-08-16T19:51:18","modified_gmt":"2024-08-16T19:51:18","slug":"amazon-wish-list-2","status":"publish","type":"page","link":"https:\/\/ladyhawkanimalfoundation.org\/es\/amazon-wish-list-2","title":{"rendered":"Amazon WishList"},"content":{"rendered":"<!--themify_builder_content-->\n<div id=\"themify_builder_content-507\" data-postid=\"507\" class=\"themify_builder_content themify_builder_content-507 themify_builder tf_clear\">\n                    <div  data-lazy=\"1\" class=\"module_row themify_builder_row tb_fj5n090 tb_first tf_w\">\n                        <div class=\"row_inner col_align_top tb_col_count_1 tf_box tf_rel\">\n                        <div  data-lazy=\"1\" class=\"module_column tb-column col-full tb_er25220 first\">\n                    <!-- module text -->\n<div  class=\"module module-text tb_d21m484\" data-lazy=\"1\">\n        <div  class=\"tb_text_wrap\">\n        <h1>Amazon Wish List<\/h1>    <\/div>\n<\/div>\n<!-- \/module text -->        <\/div>\n                        <\/div>\n        <\/div>\n                        <div  data-lazy=\"1\" class=\"module_row themify_builder_row tb_509e008 tf_w\">\n                        <div class=\"row_inner col_align_top tb_col_count_2 tf_box tf_rel\">\n                        <div  data-lazy=\"1\" class=\"module_column tb-column col4-2 tb_ni6e802 first\">\n                    <!-- module fancy heading -->\n<div  class=\"module module-fancy-heading tb_ion2000  tb_hide_divider\" data-lazy=\"1\">\n        <h1 class=\"fancy-heading tf_textc\">\n    <span class=\"main-head tf_block\">\n                    Hoy puedes ayudar a salvar y cambiar la vida de muchos animales            <\/span>\n\n    \n    <span class=\"sub-head tf_block tf_rel\">\n                    Tenemos varias opciones si deseas donar art\u00edculos para apoyar nuestra causa. La primera opci\u00f3n es una lista de deseos de Amazon, que actualizamos en funci\u00f3n de nuestras necesidades actuales. Tambi\u00e9n participamos en un programa de recogida de Walmart. Si te interesa alguna de estas opciones, sigue los enlaces que aparecen a continuaci\u00f3n para acceder a cualquiera de ellas.            <\/span>\n    <\/h1>\n<\/div>\n<!-- \/module fancy heading -->\n        <\/div>\n                    <div  data-lazy=\"1\" class=\"module_column tb-column col4-2 tb_ywgg615 last\">\n                    <!-- module image -->\n<div  class=\"module module-image tb_unhv274 image-center   tf_mw\" data-lazy=\"1\">\n        <div class=\"image-wrap tf_rel tf_mw\">\n            <a href=\"https:\/\/www.amazon.com\/hz\/wishlist\/ls\/34X53HYFKR7R5?ref_=wl_share\">\n                   <img loading=\"lazy\" decoding=\"async\" width=\"318\" height=\"159\" src=\"https:\/\/ladyhawkanimalfoundation.org\/wp-content\/uploads\/2024\/07\/amazon-wish-list-logo.png\" class=\"wp-post-image wp-image-505\" title=\"amazon wish list logo\" alt=\"amazon wish list logo\" srcset=\"https:\/\/ladyhawkanimalfoundation.org\/wp-content\/uploads\/2024\/07\/amazon-wish-list-logo.png 318w, https:\/\/ladyhawkanimalfoundation.org\/wp-content\/uploads\/2024\/07\/amazon-wish-list-logo-300x150.png 300w\" sizes=\"auto, (max-width: 318px) 100vw, 318px\" \/>        <\/a>\n    \n        <\/div>\n    <!-- \/image-wrap -->\n    \n        <\/div>\n<!-- \/module image --><!-- module buttons -->\n<div  class=\"module module-buttons tb_h5gt314 buttons-horizontal solid   rounded buttons-fullwidth\" data-lazy=\"1\">\n        <div class=\"module-buttons-item tf_in_flx\">\n                        <a href=\"https:\/\/www.amazon.com\/hz\/wishlist\/ls\/34X53HYFKR7R5?ref_=wl_share\" class=\"ui builder_button tf_in_flx green\" >\n                                                VISITA AMAZON WISHLIST                                        <\/a>\n                <\/div>\n            <\/div>\n<!-- \/module buttons -->\n        <\/div>\n                        <\/div>\n        <\/div>\n                        <div  data-lazy=\"1\" class=\"module_row themify_builder_row tb_kd0q747 tf_w\">\n                        <div class=\"row_inner col_align_top tb_col_count_1 tf_box tf_rel\">\n                        <div  data-lazy=\"1\" class=\"module_column tb-column col-full tb_38lv748 first\">\n                            <\/div>\n                        <\/div>\n        <\/div>\n                        <div  data-lazy=\"1\" class=\"module_row themify_builder_row tb_blir646 tf_w\">\n                        <div class=\"row_inner col_align_top tb_col_count_1 tf_box tf_rel\">\n                        <div  data-lazy=\"1\" class=\"module_column tb-column col-full tb_thu8646 first\">\n                    <!-- module template_part -->\n<div  class=\"module module-layout-part tb_op8t981\">\n    <div class=\"tb_layout_part_wrap tf_w\"><!--themify_builder_content-->\n    <div  class=\"themify_builder_content themify_builder_content-390 themify_builder not_editable_builder in_the_loop\" data-postid=\"390\">\n                        <div  data-lazy=\"1\" class=\"module_row themify_builder_row tb_du3i801 tf_w\">\n                        <div class=\"row_inner col_align_top tb_col_count_1 tf_box tf_rel\">\n                        <div  data-lazy=\"1\" class=\"module_column tb-column col-full tb_ej8e801 first\">\n                    <!-- module plain text -->\n<div  class=\"module module-plain-text tb_owot801\" data-lazy=\"1\">\n        <div class=\"tb_text_wrap\">\n    FUNDACI\u00d3N ANIMAL LADYHAWK    <\/div>\n<\/div>\n<!-- \/module plain text --><!-- module buttons -->\n<div  class=\"module module-buttons tb_ka9k801 buttons-horizontal solid  xlarge rounded\" data-lazy=\"1\">\n        <div class=\"module-buttons-item tf_in_flx\">\n                        <a href=\"https:\/\/donorbox.org\/no-more-homeless-pets-spay-neuter\" class=\"ui builder_button tf_in_flx orange\" >\n                                                DONA HOY                                        <\/a>\n                <\/div>\n            <\/div>\n<!-- \/module buttons -->\n        <\/div>\n                        <\/div>\n        <\/div>\n                        <div  data-lazy=\"1\" class=\"module_row themify_builder_row tb_89l7401 tf_w\">\n                        <div class=\"row_inner col_align_top tb_col_count_1 tf_box tf_rel\">\n                        <div  data-lazy=\"1\" class=\"module_column tb-column col-full tb_piwz401 first\">\n                    <!-- module box -->\n<div  class=\"module module-box tb_fm77552\" data-lazy=\"1\">\n    <div class=\"module-box-content ui  tb_default_color\">\n                <div class=\"tb_text_wrap\"><\/div>\n    <\/div>\n<\/div>\n<!-- \/module box -->\n        <\/div>\n                        <\/div>\n        <\/div>\n            <\/div>\n<!--\/themify_builder_content--><\/div>\n<\/div>\n<!-- \/module template_part -->        <\/div>\n                        <\/div>\n        <\/div>\n        <\/div>\n<!--\/themify_builder_content-->","protected":false},"excerpt":{"rendered":"<p>Amazon Wish List<\/p>","protected":false},"author":1,"featured_media":0,"parent":0,"menu_order":0,"comment_status":"closed","ping_status":"closed","template":"","meta":{"give_campaign_id":0,"footnotes":""},"class_list":["post-507","page","type-page","status-publish","hentry","has-post-title","has-post-date","has-post-category","has-post-tag","has-post-comment","has-post-author",""],"yoast_head":"<!-- This site is optimized with the Yoast SEO plugin v27.0 - https:\/\/yoast.com\/product\/yoast-seo-wordpress\/ -->\n<title>Amazon WishList - Ladyhawk Animal Foundation.<\/title>\n<meta name=\"robots\" content=\"index, follow, max-snippet:-1, max-image-preview:large, max-video-preview:-1\" \/>\n<link rel=\"canonical\" href=\"https:\/\/ladyhawkanimalfoundation.org\/es\/amazon-wish-list-2\/\" \/>\n<meta property=\"og:locale\" content=\"es_ES\" \/>\n<meta property=\"og:type\" content=\"article\" \/>\n<meta property=\"og:title\" content=\"Amazon WishList - Ladyhawk Animal Foundation.\" \/>\n<meta property=\"og:description\" content=\"Amazon Wish List\" \/>\n<meta property=\"og:url\" content=\"https:\/\/ladyhawkanimalfoundation.org\/es\/amazon-wish-list-2\/\" \/>\n<meta property=\"og:site_name\" content=\"Ladyhawk Animal Foundation.\" \/>\n<meta property=\"article:publisher\" content=\"https:\/\/www.facebook.com\/ladyhawkAF\" \/>\n<meta property=\"article:modified_time\" content=\"2024-08-16T19:51:18+00:00\" \/>\n<meta property=\"og:image\" content=\"https:\/\/ladyhawkanimalfoundation.org\/wp-content\/uploads\/2024\/07\/amazon-wish-list-logo.png\" \/>\n<meta name=\"twitter:card\" content=\"summary_large_image\" \/>\n<meta name=\"twitter:site\" content=\"@AFLadyhawk\" \/>\n<meta name=\"twitter:label1\" content=\"Tiempo de lectura\" \/>\n\t<meta name=\"twitter:data1\" content=\"2 minutos\" \/>\n<script type=\"application\/ld+json\" class=\"yoast-schema-graph\">{\"@context\":\"https:\/\/schema.org\",\"@graph\":[{\"@type\":\"WebPage\",\"@id\":\"https:\/\/ladyhawkanimalfoundation.org\/amazon-wish-list-2\",\"url\":\"https:\/\/ladyhawkanimalfoundation.org\/amazon-wish-list-2\",\"name\":\"Amazon WishList - Ladyhawk Animal Foundation.\",\"isPartOf\":{\"@id\":\"http:\/\/ladyhawkanimalfoundation.org\/#website\"},\"primaryImageOfPage\":{\"@id\":\"https:\/\/ladyhawkanimalfoundation.org\/amazon-wish-list-2#primaryimage\"},\"image\":{\"@id\":\"https:\/\/ladyhawkanimalfoundation.org\/amazon-wish-list-2#primaryimage\"},\"thumbnailUrl\":\"https:\/\/ladyhawkanimalfoundation.org\/wp-content\/uploads\/2024\/07\/amazon-wish-list-logo.png\",\"datePublished\":\"2024-07-01T15:14:03+00:00\",\"dateModified\":\"2024-08-16T19:51:18+00:00\",\"breadcrumb\":{\"@id\":\"https:\/\/ladyhawkanimalfoundation.org\/amazon-wish-list-2#breadcrumb\"},\"inLanguage\":\"es\",\"potentialAction\":[{\"@type\":\"ReadAction\",\"target\":[\"https:\/\/ladyhawkanimalfoundation.org\/amazon-wish-list-2\"]}]},{\"@type\":\"ImageObject\",\"inLanguage\":\"es\",\"@id\":\"https:\/\/ladyhawkanimalfoundation.org\/amazon-wish-list-2#primaryimage\",\"url\":\"https:\/\/ladyhawkanimalfoundation.org\/wp-content\/uploads\/2024\/07\/amazon-wish-list-logo.png\",\"contentUrl\":\"https:\/\/ladyhawkanimalfoundation.org\/wp-content\/uploads\/2024\/07\/amazon-wish-list-logo.png\"},{\"@type\":\"BreadcrumbList\",\"@id\":\"https:\/\/ladyhawkanimalfoundation.org\/amazon-wish-list-2#breadcrumb\",\"itemListElement\":[{\"@type\":\"ListItem\",\"position\":1,\"name\":\"Home\",\"item\":\"http:\/\/ladyhawkanimalfoundation.org\/\"},{\"@type\":\"ListItem\",\"position\":2,\"name\":\"Amazon WishList\"}]},{\"@type\":\"WebSite\",\"@id\":\"http:\/\/ladyhawkanimalfoundation.org\/#website\",\"url\":\"http:\/\/ladyhawkanimalfoundation.org\/\",\"name\":\"Ladyhawk animal foundation\",\"description\":\"\",\"publisher\":{\"@id\":\"http:\/\/ladyhawkanimalfoundation.org\/#organization\"},\"potentialAction\":[{\"@type\":\"SearchAction\",\"target\":{\"@type\":\"EntryPoint\",\"urlTemplate\":\"http:\/\/ladyhawkanimalfoundation.org\/?s={search_term_string}\"},\"query-input\":{\"@type\":\"PropertyValueSpecification\",\"valueRequired\":true,\"valueName\":\"search_term_string\"}}],\"inLanguage\":\"es\"},{\"@type\":\"Organization\",\"@id\":\"http:\/\/ladyhawkanimalfoundation.org\/#organization\",\"name\":\"Ladyhawk animal foundation\",\"url\":\"http:\/\/ladyhawkanimalfoundation.org\/\",\"logo\":{\"@type\":\"ImageObject\",\"inLanguage\":\"es\",\"@id\":\"http:\/\/ladyhawkanimalfoundation.org\/#\/schema\/logo\/image\/\",\"url\":\"https:\/\/ladyhawkanimalfoundation.org\/wp-content\/uploads\/2024\/07\/logo_1.png\",\"contentUrl\":\"https:\/\/ladyhawkanimalfoundation.org\/wp-content\/uploads\/2024\/07\/logo_1.png\",\"width\":569,\"height\":476,\"caption\":\"Ladyhawk animal foundation\"},\"image\":{\"@id\":\"http:\/\/ladyhawkanimalfoundation.org\/#\/schema\/logo\/image\/\"},\"sameAs\":[\"https:\/\/www.facebook.com\/ladyhawkAF\",\"https:\/\/x.com\/AFLadyhawk\",\"https:\/\/www.linkedin.com\/company\/ladyhawk-animal-foundation-corp\/\",\"https:\/\/m.youtube.com\/channel\/UChqeNHTSH_tLbxxnqLkNw-w\",\"https:\/\/www.instagram.com\/ladyhawkaf\/\"]}]}<\/script>\n<!-- \/ Yoast SEO plugin. -->","yoast_head_json":{"title":"Amazon WishList - Ladyhawk Animal Foundation.","robots":{"index":"index","follow":"follow","max-snippet":"max-snippet:-1","max-image-preview":"max-image-preview:large","max-video-preview":"max-video-preview:-1"},"canonical":"https:\/\/ladyhawkanimalfoundation.org\/es\/amazon-wish-list-2\/","og_locale":"es_ES","og_type":"article","og_title":"Amazon WishList - Ladyhawk Animal Foundation.","og_description":"Amazon Wish List","og_url":"https:\/\/ladyhawkanimalfoundation.org\/es\/amazon-wish-list-2\/","og_site_name":"Ladyhawk Animal Foundation.","article_publisher":"https:\/\/www.facebook.com\/ladyhawkAF","article_modified_time":"2024-08-16T19:51:18+00:00","og_image":[{"url":"https:\/\/ladyhawkanimalfoundation.org\/wp-content\/uploads\/2024\/07\/amazon-wish-list-logo.png","type":"","width":"","height":""}],"twitter_card":"summary_large_image","twitter_site":"@AFLadyhawk","twitter_misc":{"Tiempo de lectura":"2 minutos"},"schema":{"@context":"https:\/\/schema.org","@graph":[{"@type":"WebPage","@id":"https:\/\/ladyhawkanimalfoundation.org\/amazon-wish-list-2","url":"https:\/\/ladyhawkanimalfoundation.org\/amazon-wish-list-2","name":"Amazon WishList - Ladyhawk Animal Foundation.","isPartOf":{"@id":"http:\/\/ladyhawkanimalfoundation.org\/#website"},"primaryImageOfPage":{"@id":"https:\/\/ladyhawkanimalfoundation.org\/amazon-wish-list-2#primaryimage"},"image":{"@id":"https:\/\/ladyhawkanimalfoundation.org\/amazon-wish-list-2#primaryimage"},"thumbnailUrl":"https:\/\/ladyhawkanimalfoundation.org\/wp-content\/uploads\/2024\/07\/amazon-wish-list-logo.png","datePublished":"2024-07-01T15:14:03+00:00","dateModified":"2024-08-16T19:51:18+00:00","breadcrumb":{"@id":"https:\/\/ladyhawkanimalfoundation.org\/amazon-wish-list-2#breadcrumb"},"inLanguage":"es","potentialAction":[{"@type":"ReadAction","target":["https:\/\/ladyhawkanimalfoundation.org\/amazon-wish-list-2"]}]},{"@type":"ImageObject","inLanguage":"es","@id":"https:\/\/ladyhawkanimalfoundation.org\/amazon-wish-list-2#primaryimage","url":"https:\/\/ladyhawkanimalfoundation.org\/wp-content\/uploads\/2024\/07\/amazon-wish-list-logo.png","contentUrl":"https:\/\/ladyhawkanimalfoundation.org\/wp-content\/uploads\/2024\/07\/amazon-wish-list-logo.png"},{"@type":"BreadcrumbList","@id":"https:\/\/ladyhawkanimalfoundation.org\/amazon-wish-list-2#breadcrumb","itemListElement":[{"@type":"ListItem","position":1,"name":"Home","item":"http:\/\/ladyhawkanimalfoundation.org\/"},{"@type":"ListItem","position":2,"name":"Amazon WishList"}]},{"@type":"WebSite","@id":"http:\/\/ladyhawkanimalfoundation.org\/#website","url":"http:\/\/ladyhawkanimalfoundation.org\/","name":"Ladyhawk animal foundation","description":"","publisher":{"@id":"http:\/\/ladyhawkanimalfoundation.org\/#organization"},"potentialAction":[{"@type":"SearchAction","target":{"@type":"EntryPoint","urlTemplate":"http:\/\/ladyhawkanimalfoundation.org\/?s={search_term_string}"},"query-input":{"@type":"PropertyValueSpecification","valueRequired":true,"valueName":"search_term_string"}}],"inLanguage":"es"},{"@type":"Organization","@id":"http:\/\/ladyhawkanimalfoundation.org\/#organization","name":"Ladyhawk animal foundation","url":"http:\/\/ladyhawkanimalfoundation.org\/","logo":{"@type":"ImageObject","inLanguage":"es","@id":"http:\/\/ladyhawkanimalfoundation.org\/#\/schema\/logo\/image\/","url":"https:\/\/ladyhawkanimalfoundation.org\/wp-content\/uploads\/2024\/07\/logo_1.png","contentUrl":"https:\/\/ladyhawkanimalfoundation.org\/wp-content\/uploads\/2024\/07\/logo_1.png","width":569,"height":476,"caption":"Ladyhawk animal foundation"},"image":{"@id":"http:\/\/ladyhawkanimalfoundation.org\/#\/schema\/logo\/image\/"},"sameAs":["https:\/\/www.facebook.com\/ladyhawkAF","https:\/\/x.com\/AFLadyhawk","https:\/\/www.linkedin.com\/company\/ladyhawk-animal-foundation-corp\/","https:\/\/m.youtube.com\/channel\/UChqeNHTSH_tLbxxnqLkNw-w","https:\/\/www.instagram.com\/ladyhawkaf\/"]}]}},"campaignId":"","builder_content":"<h1>Amazon Wish List<\/h1>\n<h1>Today you can help to save and change the lives of many animals<br\/>We have a few options if you would like to donate items to support our cause. The first option is an Amazon Wishlist; we update this based on our current needs. We also participate in a Walmart round-up program. If either interests you, please follow the links below to be directed to either of these options.<\/h1>\n<a href=\"https:\/\/www.amazon.com\/hz\/wishlist\/ls\/34X53HYFKR7R5?ref_=wl_share\"> <img src=\"https:\/\/ladyhawkanimalfoundation.org\/wp-content\/uploads\/2024\/07\/amazon-wish-list-logo.png\" title=\"amazon wish list logo\" alt=\"amazon wish list logo\" srcset=\"https:\/\/ladyhawkanimalfoundation.org\/wp-content\/uploads\/2024\/07\/amazon-wish-list-logo.png 318w, https:\/\/ladyhawkanimalfoundation.org\/wp-content\/uploads\/2024\/07\/amazon-wish-list-logo-300x150.png 300w\" sizes=\"(max-width: 318px) 100vw, 318px\" \/> <\/a>\n<a href=\"https:\/\/www.amazon.com\/hz\/wishlist\/ls\/34X53HYFKR7R5?ref_=wl_share\" > VISIT AMAZON WISHLIST <\/a>","_links":{"self":[{"href":"https:\/\/ladyhawkanimalfoundation.org\/es\/wp-json\/wp\/v2\/pages\/507","targetHints":{"allow":["GET"]}}],"collection":[{"href":"https:\/\/ladyhawkanimalfoundation.org\/es\/wp-json\/wp\/v2\/pages"}],"about":[{"href":"https:\/\/ladyhawkanimalfoundation.org\/es\/wp-json\/wp\/v2\/types\/page"}],"author":[{"embeddable":true,"href":"https:\/\/ladyhawkanimalfoundation.org\/es\/wp-json\/wp\/v2\/users\/1"}],"replies":[{"embeddable":true,"href":"https:\/\/ladyhawkanimalfoundation.org\/es\/wp-json\/wp\/v2\/comments?post=507"}],"version-history":[{"count":27,"href":"https:\/\/ladyhawkanimalfoundation.org\/es\/wp-json\/wp\/v2\/pages\/507\/revisions"}],"predecessor-version":[{"id":1062,"href":"https:\/\/ladyhawkanimalfoundation.org\/es\/wp-json\/wp\/v2\/pages\/507\/revisions\/1062"}],"wp:attachment":[{"href":"https:\/\/ladyhawkanimalfoundation.org\/es\/wp-json\/wp\/v2\/media?parent=507"}],"curies":[{"name":"wp","href":"https:\/\/api.w.org\/{rel}","templated":true}]}}