{"id":518,"date":"2024-07-01T15:24:59","date_gmt":"2024-07-01T15:24:59","guid":{"rendered":"https:\/\/ladyhawkanimalfoundation.org\/amazon-wish-list-copy"},"modified":"2024-08-16T22:06:55","modified_gmt":"2024-08-16T22:06:55","slug":"walmart-for-good","status":"publish","type":"page","link":"https:\/\/ladyhawkanimalfoundation.org\/es\/walmart-for-good","title":{"rendered":"Walmart For Good"},"content":{"rendered":"<!--themify_builder_content-->\n<div id=\"themify_builder_content-518\" data-postid=\"518\" class=\"themify_builder_content themify_builder_content-518 themify_builder tf_clear\">\n                    <div  data-lazy=\"1\" class=\"module_row themify_builder_row tb_eee6303 tb_first tf_w\">\n                        <div class=\"row_inner col_align_top tb_col_count_1 tf_box tf_rel\">\n                        <div  data-lazy=\"1\" class=\"module_column tb-column col-full tb_ldx2080 first\">\n                    <!-- module text -->\n<div  class=\"module module-text tb_2mhp988\" data-lazy=\"1\">\n        <div  class=\"tb_text_wrap\">\n        <h1>Walmart For Good<\/h1>    <\/div>\n<\/div>\n<!-- \/module text -->        <\/div>\n                        <\/div>\n        <\/div>\n                        <div  data-lazy=\"1\" class=\"module_row themify_builder_row tb_0gu6099 tf_w\">\n                        <div class=\"row_inner col_align_top tb_col_count_2 tf_box tf_rel\">\n                        <div  data-lazy=\"1\" class=\"module_column tb-column col4-2 tb_xhfs003 first\">\n                    <!-- module fancy heading -->\n<div  class=\"module module-fancy-heading tb_npzl809  tb_hide_divider\" data-lazy=\"1\">\n        <h1 class=\"fancy-heading tf_textc\">\n    <span class=\"main-head tf_block\">\n                    Tu ayuda salvar\u00e1 vidas hoy y en el futuro.            <\/span>\n\n    \n    <span class=\"sub-head tf_block tf_rel\">\n                    Tenemos varias opciones si deseas donar art\u00edculos para apoyar nuestra causa. La primera opci\u00f3n es una lista de deseos de Amazon, que actualizamos en funci\u00f3n de nuestras necesidades actuales. Tambi\u00e9n participamos en un programa de recogida de Walmart. Si te interesa alguna de estas opciones, sigue los siguientes enlaces para acceder a cualquiera de ellas.            <\/span>\n    <\/h1>\n<\/div>\n<!-- \/module fancy heading -->\n        <\/div>\n                    <div  data-lazy=\"1\" class=\"module_column tb-column col4-2 tb_g21a739 last\">\n                    <!-- module image -->\n<div  class=\"module module-image tb_x4cz300 image-center   tf_mw\" data-lazy=\"1\">\n        <div class=\"image-wrap tf_rel tf_mw\">\n            <a href=\"https:\/\/www.walmart.com\/nonprofits\/ed1b9ef5-e413-492d-a60c-0bebc155b86c\/profile\">\n                   <img loading=\"lazy\" decoding=\"async\" width=\"1318\" height=\"874\" src=\"https:\/\/ladyhawkanimalfoundation.org\/wp-content\/uploads\/2024\/07\/Walmart-Spark-Good.png\" class=\"wp-post-image wp-image-521\" title=\"Walmart-Spark-Good\" alt=\"Walmart-Spark-Good\" srcset=\"https:\/\/ladyhawkanimalfoundation.org\/wp-content\/uploads\/2024\/07\/Walmart-Spark-Good.png 1318w, https:\/\/ladyhawkanimalfoundation.org\/wp-content\/uploads\/2024\/07\/Walmart-Spark-Good-300x199.png 300w, https:\/\/ladyhawkanimalfoundation.org\/wp-content\/uploads\/2024\/07\/Walmart-Spark-Good-1024x679.png 1024w, https:\/\/ladyhawkanimalfoundation.org\/wp-content\/uploads\/2024\/07\/Walmart-Spark-Good-768x509.png 768w\" sizes=\"auto, (max-width: 1318px) 100vw, 1318px\" \/>        <\/a>\n    \n        <\/div>\n    <!-- \/image-wrap -->\n    \n        <\/div>\n<!-- \/module image --><!-- module buttons -->\n<div  class=\"module module-buttons tb_bytx100 buttons-horizontal solid   rounded buttons-fullwidth\" data-lazy=\"1\">\n        <div class=\"module-buttons-item tf_in_flx\">\n                        <a href=\"https:\/\/www.walmart.com\/nonprofits\/ed1b9ef5-e413-492d-a60c-0bebc155b86c\/profile\" class=\"ui builder_button tf_in_flx green\" >\n                                                VISITA WALMART FOR GOOD                                        <\/a>\n                <\/div>\n            <\/div>\n<!-- \/module buttons -->\n        <\/div>\n                        <\/div>\n        <\/div>\n                        <div  data-lazy=\"1\" class=\"module_row themify_builder_row tb_x2kg399 tf_w\">\n                        <div class=\"row_inner col_align_top tb_col_count_1 tf_box tf_rel\">\n                        <div  data-lazy=\"1\" class=\"module_column tb-column col-full tb_lz06399 first\">\n                    <!-- module template_part -->\n<div  class=\"module module-layout-part tb_ew76998\">\n    <div class=\"tb_layout_part_wrap tf_w\"><!--themify_builder_content-->\n    <div  class=\"themify_builder_content themify_builder_content-390 themify_builder not_editable_builder in_the_loop\" data-postid=\"390\">\n                        <div  data-lazy=\"1\" class=\"module_row themify_builder_row tb_du3i801 tf_w\">\n                        <div class=\"row_inner col_align_top tb_col_count_1 tf_box tf_rel\">\n                        <div  data-lazy=\"1\" class=\"module_column tb-column col-full tb_ej8e801 first\">\n                    <!-- module plain text -->\n<div  class=\"module module-plain-text tb_owot801\" data-lazy=\"1\">\n        <div class=\"tb_text_wrap\">\n    FUNDACI\u00d3N ANIMAL LADYHAWK    <\/div>\n<\/div>\n<!-- \/module plain text --><!-- module buttons -->\n<div  class=\"module module-buttons tb_ka9k801 buttons-horizontal solid  xlarge rounded\" data-lazy=\"1\">\n        <div class=\"module-buttons-item tf_in_flx\">\n                        <a href=\"https:\/\/donorbox.org\/no-more-homeless-pets-spay-neuter\" class=\"ui builder_button tf_in_flx orange\" >\n                                                DONA HOY                                        <\/a>\n                <\/div>\n            <\/div>\n<!-- \/module buttons -->\n        <\/div>\n                        <\/div>\n        <\/div>\n                        <div  data-lazy=\"1\" class=\"module_row themify_builder_row tb_89l7401 tf_w\">\n                        <div class=\"row_inner col_align_top tb_col_count_1 tf_box tf_rel\">\n                        <div  data-lazy=\"1\" class=\"module_column tb-column col-full tb_piwz401 first\">\n                    <!-- module box -->\n<div  class=\"module module-box tb_fm77552\" data-lazy=\"1\">\n    <div class=\"module-box-content ui  tb_default_color\">\n                <div class=\"tb_text_wrap\"><\/div>\n    <\/div>\n<\/div>\n<!-- \/module box -->\n        <\/div>\n                        <\/div>\n        <\/div>\n            <\/div>\n<!--\/themify_builder_content--><\/div>\n<\/div>\n<!-- \/module template_part -->        <\/div>\n                        <\/div>\n        <\/div>\n        <\/div>\n<!--\/themify_builder_content-->","protected":false},"excerpt":{"rendered":"<p>Walmart For Good<\/p>","protected":false},"author":1,"featured_media":0,"parent":0,"menu_order":0,"comment_status":"closed","ping_status":"closed","template":"","meta":{"give_campaign_id":0,"footnotes":""},"class_list":["post-518","page","type-page","status-publish","hentry","has-post-title","has-post-date","has-post-category","has-post-tag","has-post-comment","has-post-author",""],"yoast_head":"<!-- This site is optimized with the Yoast SEO plugin v27.0 - https:\/\/yoast.com\/product\/yoast-seo-wordpress\/ -->\n<title>Walmart For Good - Ladyhawk Animal Foundation.<\/title>\n<meta name=\"robots\" content=\"index, follow, max-snippet:-1, max-image-preview:large, max-video-preview:-1\" \/>\n<link rel=\"canonical\" href=\"https:\/\/ladyhawkanimalfoundation.org\/es\/walmart-for-good\/\" \/>\n<meta property=\"og:locale\" content=\"es_ES\" \/>\n<meta property=\"og:type\" content=\"article\" \/>\n<meta property=\"og:title\" content=\"Walmart For Good - Ladyhawk Animal Foundation.\" \/>\n<meta property=\"og:description\" content=\"Walmart For Good\" \/>\n<meta property=\"og:url\" content=\"https:\/\/ladyhawkanimalfoundation.org\/es\/walmart-for-good\/\" \/>\n<meta property=\"og:site_name\" content=\"Ladyhawk Animal Foundation.\" \/>\n<meta property=\"article:publisher\" content=\"https:\/\/www.facebook.com\/ladyhawkAF\" \/>\n<meta property=\"article:modified_time\" content=\"2024-08-16T22:06:55+00:00\" \/>\n<meta property=\"og:image\" content=\"https:\/\/ladyhawkanimalfoundation.org\/wp-content\/uploads\/2024\/07\/Walmart-Spark-Good.png\" \/>\n<meta name=\"twitter:card\" content=\"summary_large_image\" \/>\n<meta name=\"twitter:site\" content=\"@AFLadyhawk\" \/>\n<meta name=\"twitter:label1\" content=\"Tiempo de lectura\" \/>\n\t<meta name=\"twitter:data1\" content=\"2 minutos\" \/>\n<script type=\"application\/ld+json\" class=\"yoast-schema-graph\">{\"@context\":\"https:\/\/schema.org\",\"@graph\":[{\"@type\":\"WebPage\",\"@id\":\"https:\/\/ladyhawkanimalfoundation.org\/walmart-for-good\",\"url\":\"https:\/\/ladyhawkanimalfoundation.org\/walmart-for-good\",\"name\":\"Walmart For Good - Ladyhawk Animal Foundation.\",\"isPartOf\":{\"@id\":\"http:\/\/ladyhawkanimalfoundation.org\/#website\"},\"primaryImageOfPage\":{\"@id\":\"https:\/\/ladyhawkanimalfoundation.org\/walmart-for-good#primaryimage\"},\"image\":{\"@id\":\"https:\/\/ladyhawkanimalfoundation.org\/walmart-for-good#primaryimage\"},\"thumbnailUrl\":\"https:\/\/ladyhawkanimalfoundation.org\/wp-content\/uploads\/2024\/07\/Walmart-Spark-Good.png\",\"datePublished\":\"2024-07-01T15:24:59+00:00\",\"dateModified\":\"2024-08-16T22:06:55+00:00\",\"breadcrumb\":{\"@id\":\"https:\/\/ladyhawkanimalfoundation.org\/walmart-for-good#breadcrumb\"},\"inLanguage\":\"es\",\"potentialAction\":[{\"@type\":\"ReadAction\",\"target\":[\"https:\/\/ladyhawkanimalfoundation.org\/walmart-for-good\"]}]},{\"@type\":\"ImageObject\",\"inLanguage\":\"es\",\"@id\":\"https:\/\/ladyhawkanimalfoundation.org\/walmart-for-good#primaryimage\",\"url\":\"https:\/\/ladyhawkanimalfoundation.org\/wp-content\/uploads\/2024\/07\/Walmart-Spark-Good.png\",\"contentUrl\":\"https:\/\/ladyhawkanimalfoundation.org\/wp-content\/uploads\/2024\/07\/Walmart-Spark-Good.png\"},{\"@type\":\"BreadcrumbList\",\"@id\":\"https:\/\/ladyhawkanimalfoundation.org\/walmart-for-good#breadcrumb\",\"itemListElement\":[{\"@type\":\"ListItem\",\"position\":1,\"name\":\"Home\",\"item\":\"http:\/\/ladyhawkanimalfoundation.org\/\"},{\"@type\":\"ListItem\",\"position\":2,\"name\":\"Walmart For Good\"}]},{\"@type\":\"WebSite\",\"@id\":\"http:\/\/ladyhawkanimalfoundation.org\/#website\",\"url\":\"http:\/\/ladyhawkanimalfoundation.org\/\",\"name\":\"Ladyhawk animal foundation\",\"description\":\"\",\"publisher\":{\"@id\":\"http:\/\/ladyhawkanimalfoundation.org\/#organization\"},\"potentialAction\":[{\"@type\":\"SearchAction\",\"target\":{\"@type\":\"EntryPoint\",\"urlTemplate\":\"http:\/\/ladyhawkanimalfoundation.org\/?s={search_term_string}\"},\"query-input\":{\"@type\":\"PropertyValueSpecification\",\"valueRequired\":true,\"valueName\":\"search_term_string\"}}],\"inLanguage\":\"es\"},{\"@type\":\"Organization\",\"@id\":\"http:\/\/ladyhawkanimalfoundation.org\/#organization\",\"name\":\"Ladyhawk animal foundation\",\"url\":\"http:\/\/ladyhawkanimalfoundation.org\/\",\"logo\":{\"@type\":\"ImageObject\",\"inLanguage\":\"es\",\"@id\":\"http:\/\/ladyhawkanimalfoundation.org\/#\/schema\/logo\/image\/\",\"url\":\"https:\/\/ladyhawkanimalfoundation.org\/wp-content\/uploads\/2024\/07\/logo_1.png\",\"contentUrl\":\"https:\/\/ladyhawkanimalfoundation.org\/wp-content\/uploads\/2024\/07\/logo_1.png\",\"width\":569,\"height\":476,\"caption\":\"Ladyhawk animal foundation\"},\"image\":{\"@id\":\"http:\/\/ladyhawkanimalfoundation.org\/#\/schema\/logo\/image\/\"},\"sameAs\":[\"https:\/\/www.facebook.com\/ladyhawkAF\",\"https:\/\/x.com\/AFLadyhawk\",\"https:\/\/www.linkedin.com\/company\/ladyhawk-animal-foundation-corp\/\",\"https:\/\/m.youtube.com\/channel\/UChqeNHTSH_tLbxxnqLkNw-w\",\"https:\/\/www.instagram.com\/ladyhawkaf\/\"]}]}<\/script>\n<!-- \/ Yoast SEO plugin. -->","yoast_head_json":{"title":"Walmart For Good - Ladyhawk Animal Foundation.","robots":{"index":"index","follow":"follow","max-snippet":"max-snippet:-1","max-image-preview":"max-image-preview:large","max-video-preview":"max-video-preview:-1"},"canonical":"https:\/\/ladyhawkanimalfoundation.org\/es\/walmart-for-good\/","og_locale":"es_ES","og_type":"article","og_title":"Walmart For Good - Ladyhawk Animal Foundation.","og_description":"Walmart For Good","og_url":"https:\/\/ladyhawkanimalfoundation.org\/es\/walmart-for-good\/","og_site_name":"Ladyhawk Animal Foundation.","article_publisher":"https:\/\/www.facebook.com\/ladyhawkAF","article_modified_time":"2024-08-16T22:06:55+00:00","og_image":[{"url":"https:\/\/ladyhawkanimalfoundation.org\/wp-content\/uploads\/2024\/07\/Walmart-Spark-Good.png","type":"","width":"","height":""}],"twitter_card":"summary_large_image","twitter_site":"@AFLadyhawk","twitter_misc":{"Tiempo de lectura":"2 minutos"},"schema":{"@context":"https:\/\/schema.org","@graph":[{"@type":"WebPage","@id":"https:\/\/ladyhawkanimalfoundation.org\/walmart-for-good","url":"https:\/\/ladyhawkanimalfoundation.org\/walmart-for-good","name":"Walmart For Good - Ladyhawk Animal Foundation.","isPartOf":{"@id":"http:\/\/ladyhawkanimalfoundation.org\/#website"},"primaryImageOfPage":{"@id":"https:\/\/ladyhawkanimalfoundation.org\/walmart-for-good#primaryimage"},"image":{"@id":"https:\/\/ladyhawkanimalfoundation.org\/walmart-for-good#primaryimage"},"thumbnailUrl":"https:\/\/ladyhawkanimalfoundation.org\/wp-content\/uploads\/2024\/07\/Walmart-Spark-Good.png","datePublished":"2024-07-01T15:24:59+00:00","dateModified":"2024-08-16T22:06:55+00:00","breadcrumb":{"@id":"https:\/\/ladyhawkanimalfoundation.org\/walmart-for-good#breadcrumb"},"inLanguage":"es","potentialAction":[{"@type":"ReadAction","target":["https:\/\/ladyhawkanimalfoundation.org\/walmart-for-good"]}]},{"@type":"ImageObject","inLanguage":"es","@id":"https:\/\/ladyhawkanimalfoundation.org\/walmart-for-good#primaryimage","url":"https:\/\/ladyhawkanimalfoundation.org\/wp-content\/uploads\/2024\/07\/Walmart-Spark-Good.png","contentUrl":"https:\/\/ladyhawkanimalfoundation.org\/wp-content\/uploads\/2024\/07\/Walmart-Spark-Good.png"},{"@type":"BreadcrumbList","@id":"https:\/\/ladyhawkanimalfoundation.org\/walmart-for-good#breadcrumb","itemListElement":[{"@type":"ListItem","position":1,"name":"Home","item":"http:\/\/ladyhawkanimalfoundation.org\/"},{"@type":"ListItem","position":2,"name":"Walmart For Good"}]},{"@type":"WebSite","@id":"http:\/\/ladyhawkanimalfoundation.org\/#website","url":"http:\/\/ladyhawkanimalfoundation.org\/","name":"Ladyhawk animal foundation","description":"","publisher":{"@id":"http:\/\/ladyhawkanimalfoundation.org\/#organization"},"potentialAction":[{"@type":"SearchAction","target":{"@type":"EntryPoint","urlTemplate":"http:\/\/ladyhawkanimalfoundation.org\/?s={search_term_string}"},"query-input":{"@type":"PropertyValueSpecification","valueRequired":true,"valueName":"search_term_string"}}],"inLanguage":"es"},{"@type":"Organization","@id":"http:\/\/ladyhawkanimalfoundation.org\/#organization","name":"Ladyhawk animal foundation","url":"http:\/\/ladyhawkanimalfoundation.org\/","logo":{"@type":"ImageObject","inLanguage":"es","@id":"http:\/\/ladyhawkanimalfoundation.org\/#\/schema\/logo\/image\/","url":"https:\/\/ladyhawkanimalfoundation.org\/wp-content\/uploads\/2024\/07\/logo_1.png","contentUrl":"https:\/\/ladyhawkanimalfoundation.org\/wp-content\/uploads\/2024\/07\/logo_1.png","width":569,"height":476,"caption":"Ladyhawk animal foundation"},"image":{"@id":"http:\/\/ladyhawkanimalfoundation.org\/#\/schema\/logo\/image\/"},"sameAs":["https:\/\/www.facebook.com\/ladyhawkAF","https:\/\/x.com\/AFLadyhawk","https:\/\/www.linkedin.com\/company\/ladyhawk-animal-foundation-corp\/","https:\/\/m.youtube.com\/channel\/UChqeNHTSH_tLbxxnqLkNw-w","https:\/\/www.instagram.com\/ladyhawkaf\/"]}]}},"campaignId":"","builder_content":"<h1>Walmart For Good<\/h1>\n<h1>Your help will save lives today and far into the future<br\/>We have a few options if you would like to donate items to support our cause. The first option is an Amazon Wishlist; we update this based on our current needs. We also participate in a Walmart round-up program. If either interest you, please follow the links below to be directed to either of these options.<\/h1>\n<a href=\"https:\/\/www.walmart.com\/nonprofits\/ed1b9ef5-e413-492d-a60c-0bebc155b86c\/profile\"> <img src=\"https:\/\/ladyhawkanimalfoundation.org\/wp-content\/uploads\/2024\/07\/Walmart-Spark-Good.png\" title=\"Walmart-Spark-Good\" alt=\"Walmart-Spark-Good\" srcset=\"https:\/\/ladyhawkanimalfoundation.org\/wp-content\/uploads\/2024\/07\/Walmart-Spark-Good.png 1318w, https:\/\/ladyhawkanimalfoundation.org\/wp-content\/uploads\/2024\/07\/Walmart-Spark-Good-300x199.png 300w, https:\/\/ladyhawkanimalfoundation.org\/wp-content\/uploads\/2024\/07\/Walmart-Spark-Good-1024x679.png 1024w, https:\/\/ladyhawkanimalfoundation.org\/wp-content\/uploads\/2024\/07\/Walmart-Spark-Good-768x509.png 768w\" sizes=\"(max-width: 1318px) 100vw, 1318px\" \/> <\/a>\n<a href=\"https:\/\/www.walmart.com\/nonprofits\/ed1b9ef5-e413-492d-a60c-0bebc155b86c\/profile\" > VISIT WALMART FOR GOOD <\/a>","_links":{"self":[{"href":"https:\/\/ladyhawkanimalfoundation.org\/es\/wp-json\/wp\/v2\/pages\/518","targetHints":{"allow":["GET"]}}],"collection":[{"href":"https:\/\/ladyhawkanimalfoundation.org\/es\/wp-json\/wp\/v2\/pages"}],"about":[{"href":"https:\/\/ladyhawkanimalfoundation.org\/es\/wp-json\/wp\/v2\/types\/page"}],"author":[{"embeddable":true,"href":"https:\/\/ladyhawkanimalfoundation.org\/es\/wp-json\/wp\/v2\/users\/1"}],"replies":[{"embeddable":true,"href":"https:\/\/ladyhawkanimalfoundation.org\/es\/wp-json\/wp\/v2\/comments?post=518"}],"version-history":[{"count":28,"href":"https:\/\/ladyhawkanimalfoundation.org\/es\/wp-json\/wp\/v2\/pages\/518\/revisions"}],"predecessor-version":[{"id":1070,"href":"https:\/\/ladyhawkanimalfoundation.org\/es\/wp-json\/wp\/v2\/pages\/518\/revisions\/1070"}],"wp:attachment":[{"href":"https:\/\/ladyhawkanimalfoundation.org\/es\/wp-json\/wp\/v2\/media?parent=518"}],"curies":[{"name":"wp","href":"https:\/\/api.w.org\/{rel}","templated":true}]}}